{"id":7,"date":"2023-03-24T01:16:25","date_gmt":"2023-03-24T04:16:25","guid":{"rendered":"https:\/\/rgncontabilidade.com.br\/?page_id=7"},"modified":"2023-03-24T19:19:32","modified_gmt":"2023-03-24T22:19:32","slug":"home","status":"publish","type":"page","link":"https:\/\/rgncontabilidade.com.br\/","title":{"rendered":"Servi\u00e7os Cont\u00e1beis"},"content":{"rendered":"<p style=\"margin: -1.5em;\">\n<div id=\"home\" class=\"hero-area\">\n<div class=\"heroarea-slider\">\n<div class=\"item\">\n<div class=\"container\">\n<div class=\"row\">\n<div class=\"col-lg-6 d-flex align-self-center\">\n<div class=\"left-content\">\n<div class=\"content\">\n<p><span style=\"font-family: 'Arial',sans-serif; color: #000000;\">Na RGN Contabilidade voc\u00ea \u00e9<b>\u00a0<\/b><strong><span style=\"font-family: 'Arial',sans-serif; font-weight: normal;\">atendido por excelentes profissionais que podem te ajudar com todas as quest\u00f5es fiscais e cont\u00e1beis.<\/span><\/strong><\/span><b><\/b><\/p>\n<p style=\"font-variant-ligatures: normal; font-variant-caps: normal; orphans: 2; widows: 2; -webkit-text-stroke-width: 0px; text-decoration-thickness: initial; text-decoration-style: initial; text-decoration-color: initial; word-spacing: 0px;\"><span style=\"font-family: 'Arial',sans-serif; color: #000000;\">Mantemos os nossos clientes sempre atualizados com as principais\u00a0<strong><span style=\"font-family: 'Arial',sans-serif;\">novidades da legisla\u00e7\u00e3o<\/span><\/strong>, de forma personalizada, para os novos clientes, reunimos as orienta\u00e7\u00f5es mais importantes em um\u00a0<strong><span style=\"font-family: 'Arial',sans-serif;\">Manual do Cliente<\/span><\/strong>, que acumula todas as\u00a0<strong><span style=\"font-family: 'Arial',sans-serif;\">informa\u00e7\u00f5es e nossa experi\u00eancia<\/span><\/strong>.<\/span><\/p>\n<p style=\"margin-bottom: 0cm; font-variant-ligatures: normal; font-variant-caps: normal; orphans: 2; widows: 2; -webkit-text-stroke-width: 0px; text-decoration-thickness: initial; text-decoration-style: initial; text-decoration-color: initial; word-spacing: 0px;\"><span style=\"font-family: 'Arial',sans-serif; color: #000000;\">Usamos a tecnologia a nosso favor. para garantir que as informa\u00e7\u00f5es enviadas ao fisco est\u00e3o consistentes.<\/span><\/p>\n<p style=\"margin-bottom: 0cm; font-variant-ligatures: normal; font-variant-caps: normal; orphans: 2; widows: 2; -webkit-text-stroke-width: 0px; text-decoration-thickness: initial; text-decoration-style: initial; text-decoration-color: initial; word-spacing: 0px;\">\n<\/div>\n<\/div>\n<div class=\"left-content\">\n<div class=\"content\"><\/div>\n<\/div>\n<\/div>\n<\/div>\n<\/div>\n<\/div>\n<\/div>\n<\/div>\n","protected":false},"excerpt":{"rendered":"<p>Na RGN Contabilidade voc\u00ea \u00e9\u00a0atendido por excelentes profissionais que podem te ajudar com todas as quest\u00f5es fiscais e cont\u00e1beis. Mantemos os nossos clientes sempre atualizados com as principais\u00a0novidades da legisla\u00e7\u00e3o, de forma personalizada, para os novos clientes, reunimos as orienta\u00e7\u00f5es mais importantes em um\u00a0Manual do Cliente, que acumula todas as\u00a0informa\u00e7\u00f5es e nossa experi\u00eancia. Usamos a<br \/><a class=\"moretag\" href=\"https:\/\/rgncontabilidade.com.br\/\">+ Read More<\/a><\/p>\n","protected":false},"author":1,"featured_media":13,"parent":0,"menu_order":0,"comment_status":"closed","ping_status":"closed","template":"","meta":{"footnotes":""},"class_list":["post-7","page","type-page","status-publish","has-post-thumbnail","hentry"],"_links":{"self":[{"href":"https:\/\/rgncontabilidade.com.br\/index.php?rest_route=\/wp\/v2\/pages\/7","targetHints":{"allow":["GET"]}}],"collection":[{"href":"https:\/\/rgncontabilidade.com.br\/index.php?rest_route=\/wp\/v2\/pages"}],"about":[{"href":"https:\/\/rgncontabilidade.com.br\/index.php?rest_route=\/wp\/v2\/types\/page"}],"author":[{"embeddable":true,"href":"https:\/\/rgncontabilidade.com.br\/index.php?rest_route=\/wp\/v2\/users\/1"}],"replies":[{"embeddable":true,"href":"https:\/\/rgncontabilidade.com.br\/index.php?rest_route=%2Fwp%2Fv2%2Fcomments&post=7"}],"version-history":[{"count":25,"href":"https:\/\/rgncontabilidade.com.br\/index.php?rest_route=\/wp\/v2\/pages\/7\/revisions"}],"predecessor-version":[{"id":109,"href":"https:\/\/rgncontabilidade.com.br\/index.php?rest_route=\/wp\/v2\/pages\/7\/revisions\/109"}],"wp:featuredmedia":[{"embeddable":true,"href":"https:\/\/rgncontabilidade.com.br\/index.php?rest_route=\/wp\/v2\/media\/13"}],"wp:attachment":[{"href":"https:\/\/rgncontabilidade.com.br\/index.php?rest_route=%2Fwp%2Fv2%2Fmedia&parent=7"}],"curies":[{"name":"wp","href":"https:\/\/api.w.org\/{rel}","templated":true}]}}